{"id":4095,"date":"2021-09-14T13:56:23","date_gmt":"2021-09-14T13:56:23","guid":{"rendered":"http:\/\/os-omisalj.hr\/ps-dobrinj\/?page_id=4095"},"modified":"2024-10-17T09:59:20","modified_gmt":"2024-10-17T09:59:20","slug":"marende","status":"publish","type":"page","link":"https:\/\/os-omisalj.hr\/ps-dobrinj\/marende\/","title":{"rendered":"Marende u na\u0161oj \u0161koli"},"content":{"rendered":"\n<p>O\u0161 Omi\u0161alj &#8211; P\u0160 Dobrinj tjedni jelovnik za 2024.\/2025. nastavnu godinu:<\/p>\n\n\n\n<p><strong>PONEDJELJAK \u2013 MLIJE\u010cNI DAN<\/strong><\/p>\n\n\n\n<p>&#8211; Crni i bijeli kruh, mlije\u010dni namazi (ABC, Vivis), maslac, kravlje i zobeno mlijeko, \u010cokolino,marmelada + \u010daj, sok,voda<\/p>\n\n\n\n<p>&#8211; vo\u0107e (jabuke, banane, kru\u0161ke, breskve, gro\u017e\u0111e, jagode, naran\u010de, mandarine \u2013 ovisno o sezoni minimalno 2 vrste vo\u0107a)<\/p>\n\n\n\n<p><strong>UTORAK \u2013 KUHANI OBROK (ovisno o dostupnosti namirnica i nabavi)<\/strong><\/p>\n\n\n\n<p>&#8211; Bolonjez (pa\u0161ta, njoki) + salata (zelena, cikla, krastavci, kupus, paprika, raj\u010dice) + \u010daj, sok,voda<\/p>\n\n\n\n<p>&#8211; Mane\u0161tra + \u010daj, sok, voda<\/p>\n\n\n\n<p>&#8211; Gula\u0161 (pile\u0107i, mije\u0161ano meso, tele\u0107i&#8230;) + salata (zelena, cikla, krastavci, kupus, paprika, raj\u010dice) + \u010daj, sok, voda<\/p>\n\n\n\n<p>&#8211; Pa\u0161ta i tuna + salata (zelena, cikla, krastavci, kupus, paprika, raj\u010dice) + \u010daj, sok, voda<\/p>\n\n\n\n<p>&#8211; Pohano i prilog (povr\u0107e, pomfrit, ri\u017ea) + salata (zelena, cikla, krastavci, kupus, paprika, raj\u010dice) + \u010daj, sok, voda<\/p>\n\n\n\n<p>&#8211; Piletina \u017ear i prilog (povr\u0107e, pomfrit, ri\u017ea) + salata (zelena, cikla, krastavci, kupus, paprika, raj\u010dice) + \u010daj, sok, voda<\/p>\n\n\n\n<p>&#8211; Riba (\u0161tapi\u0107i, osli\u0107i, lignje) i prilog (povr\u0107e, pomfrit, ri\u017ea) + salata (zelena, cikla, krastavci, kupus, paprika, raj\u010dice) + \u010daj, sok, voda<\/p>\n\n\n\n<p>&#8211; svaki dan &#8211; vo\u0107e (jabuke, banane, kru\u0161ke, breskve, gro\u017e\u0111e, jagode, naran\u010de, mandarine \u2013ovisno o sezoni minimalno 2 vrste vo\u0107a)<\/p>\n\n\n\n<p><strong>SRIJEDA&nbsp;<\/strong><\/p>\n\n\n\n<p>&#8211; Crni i bijeli kruh, mlije\u010dni namazi (ABC, Vivis), maslac, kravlje i zobeno mlijeko, \u010cokolino,<\/p>\n\n\n\n<p>marmelada + \u010daj, sok i vo\u0107e (jabuke, banane, kru\u0161ke, breskve, gro\u017e\u0111e, jagode, naran\u010de, mandarine \u2013 ovisno o sezoni minimalno 2 vrste vo\u0107a)<\/p>\n\n\n\n<p><strong>\u010cETVRTAK \u2013 KUHANI OBROK (ovisno o nabavi svje\u017eih namirnica)<\/strong><\/p>\n\n\n\n<p>&#8211; Bolonjez (pa\u0161ta, njoki) + salata (zelena, cikla, krastavci, kupus, paprika, raj\u010dice) + \u010daj, sok, voda<\/p>\n\n\n\n<p>&#8211; Mane\u0161tra + \u010daj, sok, voda<\/p>\n\n\n\n<p>&#8211; Gula\u0161 (pile\u0107i, mije\u0161ano meso, tele\u0107i&#8230;) + salata (zelena, cikla, krastavci, kupus, paprika, raj\u010dice) + \u010daj, sok, voda<\/p>\n\n\n\n<p>&#8211; Pa\u0161ta i tuna + salata (zelena, cikla, krastavci, kupus, paprika, raj\u010dice) + \u010daj, sok, voda<\/p>\n\n\n\n<p>&#8211; Pohano i prilog (povr\u0107e, pomfrit, ri\u017ea) + salata (zelena, cikla, krastavci, kupus, paprika, raj\u010dice) + \u010daj, sok, voda<\/p>\n\n\n\n<p>&#8211; Piletina \u017ear i prilog (povr\u0107e, pomfrit, ri\u017ea) + salata (zelena, cikla, krastavci, kupus, paprika,raj\u010dice) + \u010daj, sok, voda<\/p>\n\n\n\n<p>&#8211; Riba (\u0161tapi\u0107i, osli\u0107i, lignje) i prilog (povr\u0107e, pomfrit, ri\u017ea) + salata (zelena, cikla, krastavci,kupus, paprika, raj\u010dice) + \u010daj, sok, voda<\/p>\n\n\n\n<p>-svaki dan &#8211; vo\u0107e (jabuke, banane, kru\u0161ke, breskve, gro\u017e\u0111e, jagode, naran\u010de, mandarine \u2013ovisno o sezoni minimalno 2 vrste vo\u0107a)<\/p>\n\n\n\n<p><strong>PETAK (ovisno o dostupnosti namirnica i nabavi)<\/strong><\/p>\n\n\n\n<p>&#8211; Sendvi\u010d (pohana piletina s mrkvom, tuna, kuhana \u0161unka i sir)<\/p>\n\n\n\n<p>&#8211; zvrk od \u0161pinata i sira<\/p>\n\n\n\n<p>&#8211; pecivo sa sirom<\/p>\n\n\n\n<p>&#8211; krafna\/ muffin<\/p>\n\n\n\n<p>&#8211; slani prsti\u0107i<\/p>\n\n\n\n<p>&#8211; pizza<\/p>\n\n\n\n<p>&#8211; svaki petak jogurt u bo\u010dicama<\/p>\n\n\n\n<p>-vo\u0107e (jabuke, banane, kru\u0161ke, breskve, gro\u017e\u0111e, jagode, naran\u010de, mandarine \u2013 ovisno o sezoni 2 vrste vo\u0107a)<\/p>\n","protected":false},"excerpt":{"rendered":"<p>O\u0161 Omi\u0161alj &#8211; P\u0160 Dobrinj tjedni jelovnik za 2024.\/2025. nastavnu godinu: PONEDJELJAK \u2013 MLIJE\u010cNI DAN &#8211; Crni i bijeli kruh, mlije\u010dni namazi (ABC, Vivis), maslac, kravlje i zobeno mlijeko, \u010cokolino,marmelada + \u010daj, sok,voda &#8211; vo\u0107e (jabuke, banane, kru\u0161ke, breskve, gro\u017e\u0111e, &hellip; <a href=\"https:\/\/os-omisalj.hr\/ps-dobrinj\/marende\/\">Nastavi \u010ditati <span class=\"meta-nav\">&rarr;<\/span><\/a><\/p>\n","protected":false},"author":1,"featured_media":0,"parent":0,"menu_order":0,"comment_status":"closed","ping_status":"closed","template":"","meta":{"footnotes":""},"_links":{"self":[{"href":"https:\/\/os-omisalj.hr\/ps-dobrinj\/wp-json\/wp\/v2\/pages\/4095"}],"collection":[{"href":"https:\/\/os-omisalj.hr\/ps-dobrinj\/wp-json\/wp\/v2\/pages"}],"about":[{"href":"https:\/\/os-omisalj.hr\/ps-dobrinj\/wp-json\/wp\/v2\/types\/page"}],"author":[{"embeddable":true,"href":"https:\/\/os-omisalj.hr\/ps-dobrinj\/wp-json\/wp\/v2\/users\/1"}],"replies":[{"embeddable":true,"href":"https:\/\/os-omisalj.hr\/ps-dobrinj\/wp-json\/wp\/v2\/comments?post=4095"}],"version-history":[{"count":11,"href":"https:\/\/os-omisalj.hr\/ps-dobrinj\/wp-json\/wp\/v2\/pages\/4095\/revisions"}],"predecessor-version":[{"id":5951,"href":"https:\/\/os-omisalj.hr\/ps-dobrinj\/wp-json\/wp\/v2\/pages\/4095\/revisions\/5951"}],"wp:attachment":[{"href":"https:\/\/os-omisalj.hr\/ps-dobrinj\/wp-json\/wp\/v2\/media?parent=4095"}],"curies":[{"name":"wp","href":"https:\/\/api.w.org\/{rel}","templated":true}]}}