{"id":2853,"date":"2019-03-25T09:41:13","date_gmt":"2019-03-25T09:41:13","guid":{"rendered":"http:\/\/os-omisalj.hr\/ps-dobrinj\/?page_id=2853"},"modified":"2020-10-01T18:01:16","modified_gmt":"2020-10-01T18:01:16","slug":"kontakt","status":"publish","type":"page","link":"https:\/\/os-omisalj.hr\/ps-dobrinj\/kontakt\/","title":{"rendered":"Kontakt"},"content":{"rendered":"\n<div class=\"wp-block-image\"><figure class=\"aligncenter\"><img loading=\"lazy\" decoding=\"async\" width=\"354\" height=\"143\" src=\"https:\/\/os-omisalj.hr\/ps-dobrinj\/wp-content\/uploads\/2019\/03\/slika1.Do_.png\" alt=\"\" class=\"wp-image-2855\" srcset=\"https:\/\/os-omisalj.hr\/ps-dobrinj\/wp-content\/uploads\/2019\/03\/slika1.Do_.png 354w, https:\/\/os-omisalj.hr\/ps-dobrinj\/wp-content\/uploads\/2019\/03\/slika1.Do_-300x121.png 300w\" sizes=\"(max-width: 354px) 100vw, 354px\" \/><\/figure><\/div>\n\n\n\n<p>  <br><strong>Osnovna \u0161kola Omi\u0161alj, Omi\u0161alj <\/strong><\/p>\n\n\n\n<p><strong>Podru\u010dna \u0161kola Dobrinj <\/strong><\/p>\n\n\n\n<p>\u2022 Adresa: Sveti Vid Dobrinjski 2\/a <\/p>\n\n\n\n<p>\u2022 Telefon: (051) 848 220 <\/p>\n\n\n\n<p> \u2022 E-po\u0161ta: skola.dobrinj@gmail.com <\/p>\n\n\n\n<p><strong>Voditelj podru\u010dne \u0161kole Dobrinj: Krunoslav \u010culjat, prof. <\/strong><\/p>\n\n\n\n<div class=\"wp-block-image\"><figure class=\"aligncenter\"><img loading=\"lazy\" decoding=\"async\" width=\"291\" height=\"222\" src=\"https:\/\/os-omisalj.hr\/ps-dobrinj\/wp-content\/uploads\/2019\/03\/slika2._Do.png\" alt=\"\" class=\"wp-image-2856\"\/><\/figure><\/div>\n","protected":false},"excerpt":{"rendered":"<p>Osnovna \u0161kola Omi\u0161alj, Omi\u0161alj Podru\u010dna \u0161kola Dobrinj \u2022 Adresa: Sveti Vid Dobrinjski 2\/a \u2022 Telefon: (051) 848 220 \u2022 E-po\u0161ta: skola.dobrinj@gmail.com Voditelj podru\u010dne \u0161kole Dobrinj: Krunoslav \u010culjat, prof.<\/p>\n","protected":false},"author":2,"featured_media":0,"parent":0,"menu_order":0,"comment_status":"closed","ping_status":"closed","template":"","meta":{"footnotes":""},"_links":{"self":[{"href":"https:\/\/os-omisalj.hr\/ps-dobrinj\/wp-json\/wp\/v2\/pages\/2853"}],"collection":[{"href":"https:\/\/os-omisalj.hr\/ps-dobrinj\/wp-json\/wp\/v2\/pages"}],"about":[{"href":"https:\/\/os-omisalj.hr\/ps-dobrinj\/wp-json\/wp\/v2\/types\/page"}],"author":[{"embeddable":true,"href":"https:\/\/os-omisalj.hr\/ps-dobrinj\/wp-json\/wp\/v2\/users\/2"}],"replies":[{"embeddable":true,"href":"https:\/\/os-omisalj.hr\/ps-dobrinj\/wp-json\/wp\/v2\/comments?post=2853"}],"version-history":[{"count":6,"href":"https:\/\/os-omisalj.hr\/ps-dobrinj\/wp-json\/wp\/v2\/pages\/2853\/revisions"}],"predecessor-version":[{"id":3425,"href":"https:\/\/os-omisalj.hr\/ps-dobrinj\/wp-json\/wp\/v2\/pages\/2853\/revisions\/3425"}],"wp:attachment":[{"href":"https:\/\/os-omisalj.hr\/ps-dobrinj\/wp-json\/wp\/v2\/media?parent=2853"}],"curies":[{"name":"wp","href":"https:\/\/api.w.org\/{rel}","templated":true}]}}